{"id":3437,"date":"2021-08-24T00:16:57","date_gmt":"2021-08-24T00:16:57","guid":{"rendered":"https:\/\/kinsley-demo.bslthemes.com\/search-availability\/"},"modified":"2025-04-09T17:57:43","modified_gmt":"2025-04-09T15:57:43","slug":"online-buchen","status":"publish","type":"page","link":"https:\/\/www.lodgescapdore.com\/de\/reserver-en-ligne","title":{"rendered":"Online buchen"},"content":{"rendered":"\t\t<div data-elementor-type=\"wp-page\" data-elementor-id=\"3437\" class=\"elementor elementor-3437\" data-elementor-post-type=\"page\">\n\t\t\t\t<div class=\"elementor-element elementor-element-9a24b80 e-con-full e-flex e-con e-parent\" data-id=\"9a24b80\" data-element_type=\"container\" data-e-type=\"container\">\n\t\t<div class=\"elementor-element elementor-element-219dd09 e-con-full e-flex e-con e-child\" data-id=\"219dd09\" data-element_type=\"container\" data-e-type=\"container\" data-settings=\"{&quot;background_background&quot;:&quot;slideshow&quot;,&quot;background_slideshow_gallery&quot;:[{&quot;id&quot;:8280,&quot;url&quot;:&quot;https:\\\/\\\/www.lodgescapdore.com\\\/wp-content\\\/uploads\\\/2025\\\/03\\\/dji_fly_20241227_074500_0027_1735287552086_photo-scaled.jpg&quot;},{&quot;id&quot;:7985,&quot;url&quot;:&quot;https:\\\/\\\/www.lodgescapdore.com\\\/wp-content\\\/uploads\\\/2025\\\/03\\\/IMG_9002-1-scaled.jpeg&quot;},{&quot;id&quot;:8064,&quot;url&quot;:&quot;https:\\\/\\\/www.lodgescapdore.com\\\/wp-content\\\/uploads\\\/2025\\\/03\\\/plongee-nosybe.jpg&quot;},{&quot;id&quot;:7899,&quot;url&quot;:&quot;https:\\\/\\\/www.lodgescapdore.com\\\/wp-content\\\/uploads\\\/2025\\\/03\\\/IMG_8776-scaled.jpeg&quot;},{&quot;id&quot;:7901,&quot;url&quot;:&quot;https:\\\/\\\/www.lodgescapdore.com\\\/wp-content\\\/uploads\\\/2025\\\/03\\\/IMG_9002-scaled.jpeg&quot;}],&quot;background_slideshow_slide_duration&quot;:3600,&quot;background_slideshow_transition_duration&quot;:600,&quot;background_slideshow_lazyload&quot;:&quot;yes&quot;,&quot;background_slideshow_loop&quot;:&quot;yes&quot;,&quot;background_slideshow_slide_transition&quot;:&quot;fade&quot;}\">\n\t\t\t\t<\/div>\n\t\t<div class=\"elementor-element elementor-element-63f88fb e-con-full e-flex e-con e-child\" data-id=\"63f88fb\" data-element_type=\"container\" data-e-type=\"container\" data-settings=\"{&quot;background_background&quot;:&quot;classic&quot;}\">\n\t\t\t\t<div class=\"elementor-element elementor-element-d999faf elementor-absolute elementor-view-default elementor-widget elementor-widget-icon\" data-id=\"d999faf\" data-element_type=\"widget\" data-e-type=\"widget\" data-settings=\"{&quot;_position&quot;:&quot;absolute&quot;}\" data-widget_type=\"icon.default\">\n\t\t\t\t<div class=\"elementor-widget-container\">\n\t\t\t\t\t\t\t<div class=\"elementor-icon-wrapper\">\n\t\t\t<a class=\"elementor-icon\" href=\"https:\/\/www.lodgescapdore.com\/de\">\n\t\t\t<svg aria-hidden=\"true\" class=\"e-font-icon-svg e-far-window-close\" viewBox=\"0 0 512 512\" xmlns=\"http:\/\/www.w3.org\/2000\/svg\"><path d=\"M464 32H48C21.5 32 0 53.5 0 80v352c0 26.5 21.5 48 48 48h416c26.5 0 48-21.5 48-48V80c0-26.5-21.5-48-48-48zm0 394c0 3.3-2.7 6-6 6H54c-3.3 0-6-2.7-6-6V86c0-3.3 2.7-6 6-6h404c3.3 0 6 2.7 6 6v340zM356.5 194.6L295.1 256l61.4 61.4c4.6 4.6 4.6 12.1 0 16.8l-22.3 22.3c-4.6 4.6-12.1 4.6-16.8 0L256 295.1l-61.4 61.4c-4.6 4.6-12.1 4.6-16.8 0l-22.3-22.3c-4.6-4.6-4.6-12.1 0-16.8l61.4-61.4-61.4-61.4c-4.6-4.6-4.6-12.1 0-16.8l22.3-22.3c4.6-4.6 12.1-4.6 16.8 0l61.4 61.4 61.4-61.4c4.6-4.6 12.1-4.6 16.8 0l22.3 22.3c4.7 4.6 4.7 12.1 0 16.8z\"><\/path><\/svg>\t\t\t<\/a>\n\t\t<\/div>\n\t\t\t\t\t\t<\/div>\n\t\t\t\t<\/div>\n\t\t<div class=\"elementor-element elementor-element-ef54960 e-con-full e-flex e-con e-child\" data-id=\"ef54960\" data-element_type=\"container\" data-e-type=\"container\">\n\t\t\t\t<div class=\"elementor-element elementor-element-99b847d elementor-widget elementor-widget-theme-site-logo elementor-widget-image\" data-id=\"99b847d\" data-element_type=\"widget\" data-e-type=\"widget\" data-widget_type=\"theme-site-logo.default\">\n\t\t\t\t<div class=\"elementor-widget-container\">\n\t\t\t\t\t\t\t\t\t\t\t<a href=\"https:\/\/www.lodgescapdore.com\/de\">\n\t\t\t<img decoding=\"async\" src=\"https:\/\/www.lodgescapdore.com\/wp-content\/uploads\/2025\/03\/logo-blanc-1.svg\" class=\"attachment-full size-full wp-image-8668\" alt=\"Logo Les Lodges du Cap Dor\u00e9 Nosy Be\" \/>\t\t\t\t<\/a>\n\t\t\t\t\t\t\t\t\t\t\t<\/div>\n\t\t\t\t<\/div>\n\t\t\t\t<div class=\"elementor-element elementor-element-ef9202f elementor-widget elementor-widget-text-editor\" data-id=\"ef9202f\" data-element_type=\"widget\" data-e-type=\"widget\" data-widget_type=\"text-editor.default\">\n\t\t\t\t<div class=\"elementor-widget-container\">\n\t\t\t\t\t\t\t\t\t<p data-start=\"60\" data-end=\"105\"><strong data-start=\"60\" data-end=\"103\">V\u00e9rifiez la disponibilit\u00e9 de nos lodges<\/strong><\/p><p data-start=\"107\" data-end=\"370\">Nous vous proposons <strong data-start=\"127\" data-end=\"150\">4 lodges identiques<\/strong>, chacun pouvant accueillir <strong data-start=\"178\" data-end=\"201\">jusqu&#8217;\u00e0 4 personnes<\/strong> gr\u00e2ce \u00e0 <strong data-start=\"210\" data-end=\"234\">deux lits queen size<\/strong>. Tous nos lodges disposent des m\u00eames \u00e9quipements et prestations, que vous pouvez retrouver en d\u00e9tail sur la page <strong data-start=\"348\" data-end=\"367\"><a href=\"#\" rel=\"noopener\" data-start=\"350\" data-end=\"365\">Nos Lodges<\/a><\/strong>.<\/p><p data-start=\"372\" data-end=\"579\">Pour conna\u00eetre nos disponibilit\u00e9s, indiquez <strong data-start=\"416\" data-end=\"452\">vos dates d\u2019arriv\u00e9e et de d\u00e9part<\/strong>, ainsi que <strong data-start=\"464\" data-end=\"500\">le nombre d\u2019adultes et d\u2019enfants<\/strong>. Nous serons ravis de vous accueillir pour un s\u00e9jour d\u2019exception \u00e0 Nosy Be !<\/p>\t\t\t\t\t\t\t\t<\/div>\n\t\t\t\t<\/div>\n\t\t\t\t<div class=\"elementor-element elementor-element-f71dc7d elementor-widget elementor-widget-kinsley-mphb-search-form\" data-id=\"f71dc7d\" data-element_type=\"widget\" data-e-type=\"widget\" data-widget_type=\"kinsley-mphb-search-form.default\">\n\t\t\t\t<div class=\"elementor-widget-container\">\n\t\t\t\t\t                <div class=\"mphb_sc_search-wrapper  knsl-book-form knsl-book-form-v\"><form method=\"GET\" class=\"mphb_sc_search-form\" action=\"https:\/\/www.lodgescapdore.com\/de\/location-de-vacances-nosy-be-disponible\">\n\n\t<p class = \"mphb-required-fields-tip\">\n\t<small>\n\t\tErforderliche Felder werden gefolgt von\t\t<abbr title=\"required\">*<\/abbr>\n\t<\/small>\n<\/p>\n\n\t<p class=\"mphb_sc_search-check-in-date\">\n\t\t<label for=\"mphb_check_in_date-mphb-search-form-69f4faa88c8d3\">\n\t\t\tAnreise\t\t\t<abbr title=\"Formatiert als dd\/mm\/yyyy\">*<\/abbr>\n\t\t<\/label>\n\t\t<br \/>\n\t\t<input\n\t\t\tid=\"mphb_check_in_date-mphb-search-form-69f4faa88c8d3\"\n\t\t\tdata-datepick-group=\"mphb-search-form-69f4faa88c8d3\"\n\t\t\tvalue=\"\"\n\t\t\tplaceholder=\"Anreisedatum\"\n\t\t\trequired=\"required\"\n\t\t\ttype=\"text\"\n\t\t\tname=\"mphb_check_in_date\"\n\t\t\tclass=\"mphb-datepick\"\n\t\t\tautocomplete=\"off\"\n\t\t\tinputmode=\"none\"\n\t\t\t\/>\n\t<\/p>\n\n\t<p class=\"mphb_sc_search-check-out-date\">\n\t\t<label for=\"mphb_check_out_date-mphb-search-form-69f4faa88c8d3\">\n\t\t\tAbreise\t\t\t<abbr title=\"Formatiert als dd\/mm\/yyyy\">*<\/abbr>\n\t\t<\/label>\n\t\t<br \/>\n\t\t<input\n\t\t\tid=\"mphb_check_out_date-mphb-search-form-69f4faa88c8d3\"\n\t\t\tdata-datepick-group=\"mphb-search-form-69f4faa88c8d3\"\n\t\t\tvalue=\"\"\n\t\t\tplaceholder=\"Abreisedatum\"\n\t\t\trequired=\"required\"\n\t\t\ttype=\"text\"\n\t\t\tname=\"mphb_check_out_date\"\n\t\t\tclass=\"mphb-datepick\"\n\t\t\tautocomplete=\"off\"\n\t\t\tinputmode=\"none\"\n\t\t\t\/>\n\t<\/p>\n\n\t\t\t<p class=\"mphb_sc_search-adults\">\n\t\t\t<label for=\"mphb_adults-mphb-search-form-69f4faa88c8d3\">\n\t\t\t\tErwachsene\t\t\t<\/label>\n\t\t\t<br \/>\n\t\t\t<select id=\"mphb_adults-mphb-search-form-69f4faa88c8d3\" name=\"mphb_adults\" >\n\t\t\t\t\t\t\t\t\t<option value=\"1\"  selected='selected'>1<\/option>\n\t\t\t\t\t\t\t\t\t<option value=\"2\" >2<\/option>\n\t\t\t\t\t\t\t\t\t<option value=\"3\" >3<\/option>\n\t\t\t\t\t\t\t\t\t<option value=\"4\" >4<\/option>\n\t\t\t\t\t\t\t\t\t<option value=\"5\" >5<\/option>\n\t\t\t\t\t\t\t\t\t<option value=\"6\" >6<\/option>\n\t\t\t\t\t\t\t\t\t<option value=\"7\" >7<\/option>\n\t\t\t\t\t\t\t\t\t<option value=\"8\" >8<\/option>\n\t\t\t\t\t\t\t\t\t<option value=\"9\" >9<\/option>\n\t\t\t\t\t\t\t\t\t<option value=\"10\" >10<\/option>\n\t\t\t\t\t\t\t\t\t<option value=\"11\" >11<\/option>\n\t\t\t\t\t\t\t\t\t<option value=\"12\" >12<\/option>\n\t\t\t\t\t\t\t\t\t<option value=\"13\" >13<\/option>\n\t\t\t\t\t\t\t\t\t<option value=\"14\" >14<\/option>\n\t\t\t\t\t\t\t\t\t<option value=\"15\" >15<\/option>\n\t\t\t\t\t\t\t\t\t<option value=\"16\" >16<\/option>\n\t\t\t\t\t\t\t<\/select>\n\t\t<\/p>\n\t\n\t\t\t<p class=\"mphb_sc_search-children\">\n\t\t\t<label for=\"mphb_children-mphb-search-form-69f4faa88c8d3\">\n\t\t\t\tKinder Moins de 12 ans\t\t\t<\/label>\n\t\t\t<br \/>\n\t\t\t<select id=\"mphb_children-mphb-search-form-69f4faa88c8d3\" name=\"mphb_children\">\n\t\t\t\t\t\t\t\t\t<option value=\"0\"  selected='selected'>0<\/option>\n\t\t\t\t\t\t\t\t\t<option value=\"1\" >1<\/option>\n\t\t\t\t\t\t\t\t\t<option value=\"2\" >2<\/option>\n\t\t\t\t\t\t\t\t\t<option value=\"3\" >3<\/option>\n\t\t\t\t\t\t\t\t\t<option value=\"4\" >4<\/option>\n\t\t\t\t\t\t\t\t\t<option value=\"5\" >5<\/option>\n\t\t\t\t\t\t\t\t\t<option value=\"6\" >6<\/option>\n\t\t\t\t\t\t\t\t\t<option value=\"7\" >7<\/option>\n\t\t\t\t\t\t\t\t\t<option value=\"8\" >8<\/option>\n\t\t\t\t\t\t\t\t\t<option value=\"9\" >9<\/option>\n\t\t\t\t\t\t\t\t\t<option value=\"10\" >10<\/option>\n\t\t\t\t\t\t\t<\/select>\n\t\t<\/p>\n\t\n\t\n\t\n\t<input id=\"mphb_check_in_date-mphb-search-form-69f4faa88c8d3-hidden\" value=\"\" type=\"hidden\" name=\"mphb_check_in_date\" \/><input id=\"mphb_check_out_date-mphb-search-form-69f4faa88c8d3-hidden\" value=\"\" type=\"hidden\" name=\"mphb_check_out_date\" \/>\n\t<p class=\"mphb_sc_search-submit-button-wrapper\">\n\t\t<button type=\"submit\" class=\"button knsl-btn\">Suche<\/button>\n\t<\/p>\n\n\t\n<\/form>\n<\/div>                \t\t\t\t<\/div>\n\t\t\t\t<\/div>\n\t\t<div class=\"elementor-element elementor-element-ef8d64b e-con-full e-flex e-con e-child\" data-id=\"ef8d64b\" data-element_type=\"container\" data-e-type=\"container\">\n\t\t\t\t<div class=\"elementor-element elementor-element-23820a3 elementor-align-left elementor-widget elementor-widget-button\" data-id=\"23820a3\" data-element_type=\"widget\" data-e-type=\"widget\" data-widget_type=\"button.default\">\n\t\t\t\t<div class=\"elementor-widget-container\">\n\t\t\t\t\t\t\t\t\t<div class=\"elementor-button-wrapper\">\n\t\t\t\t\t<a class=\"elementor-button elementor-button-link elementor-size-sm\" href=\"https:\/\/www.lodgescapdore.com\/de\">\n\t\t\t\t\t\t<span class=\"elementor-button-content-wrapper\">\n\t\t\t\t\t\t<span class=\"elementor-button-icon\">\n\t\t\t\t<svg aria-hidden=\"true\" class=\"e-font-icon-svg e-fas-home\" viewBox=\"0 0 576 512\" xmlns=\"http:\/\/www.w3.org\/2000\/svg\"><path d=\"M280.37 148.26L96 300.11V464a16 16 0 0 0 16 16l112.06-.29a16 16 0 0 0 15.92-16V368a16 16 0 0 1 16-16h64a16 16 0 0 1 16 16v95.64a16 16 0 0 0 16 16.05L464 480a16 16 0 0 0 16-16V300L295.67 148.26a12.19 12.19 0 0 0-15.3 0zM571.6 251.47L488 182.56V44.05a12 12 0 0 0-12-12h-56a12 12 0 0 0-12 12v72.61L318.47 43a48 48 0 0 0-61 0L4.34 251.47a12 12 0 0 0-1.6 16.9l25.5 31A12 12 0 0 0 45.15 301l235.22-193.74a12.19 12.19 0 0 1 15.3 0L530.9 301a12 12 0 0 0 16.9-1.6l25.5-31a12 12 0 0 0-1.7-16.93z\"><\/path><\/svg>\t\t\t<\/span>\n\t\t\t\t\t\t\t\t\t<span class=\"elementor-button-text\">Page d'accueil<\/span>\n\t\t\t\t\t<\/span>\n\t\t\t\t\t<\/a>\n\t\t\t\t<\/div>\n\t\t\t\t\t\t\t\t<\/div>\n\t\t\t\t<\/div>\n\t\t\t\t<div class=\"elementor-element elementor-element-dd3e622 elementor-align-left elementor-widget elementor-widget-button\" data-id=\"dd3e622\" data-element_type=\"widget\" data-e-type=\"widget\" data-widget_type=\"button.default\">\n\t\t\t\t<div class=\"elementor-widget-container\">\n\t\t\t\t\t\t\t\t\t<div class=\"elementor-button-wrapper\">\n\t\t\t\t\t<a class=\"elementor-button elementor-button-link elementor-size-sm\" href=\"https:\/\/www.lodgescapdore.com\/contact\">\n\t\t\t\t\t\t<span class=\"elementor-button-content-wrapper\">\n\t\t\t\t\t\t\t\t\t<span class=\"elementor-button-text\">Une question ? Contactez-nous<\/span>\n\t\t\t\t\t<\/span>\n\t\t\t\t\t<\/a>\n\t\t\t\t<\/div>\n\t\t\t\t\t\t\t\t<\/div>\n\t\t\t\t<\/div>\n\t\t\t\t<\/div>\n\t\t\t\t<\/div>\n\t\t\t\t<\/div>\n\t\t\t\t<\/div>\n\t\t\t\t<\/div>\n\t\t","protected":false},"excerpt":{"rendered":"<p>V\u00e9rifiez la disponibilit\u00e9 de nos lodges Nous vous proposons 4 lodges identiques, chacun pouvant accueillir jusqu&#8217;\u00e0 4 personnes gr\u00e2ce \u00e0&#8230; <span class=\"knsl-el-more\"><a href=\"https:\/\/www.lodgescapdore.com\/de\/reserver-en-ligne\" class=\"knsl-btn\">Read more<span class=\"screen-reader-text\">Read more&nbsp;R\u00e9server en ligne<\/span><\/a><\/span><\/p>","protected":false},"author":1,"featured_media":0,"parent":0,"menu_order":0,"comment_status":"closed","ping_status":"closed","template":"elementor_canvas","meta":{"_acf_changed":false,"footnotes":""},"class_list":["post-3437","page","type-page","status-publish","hentry"],"acf":[],"yoast_head":"<!-- This site is optimized with the Yoast SEO Premium plugin v21.9 (Yoast SEO v27.5) - https:\/\/yoast.com\/product\/yoast-seo-premium-wordpress\/ -->\n<title>R\u00e9server en ligne - Lodges Cap Dore<\/title>\n<meta name=\"robots\" content=\"index, follow, max-snippet:-1, max-image-preview:large, max-video-preview:-1\" \/>\n<link rel=\"canonical\" href=\"https:\/\/www.lodgescapdore.com\/de\/online-buchen\/\" \/>\n<meta property=\"og:locale\" content=\"de_DE\" \/>\n<meta property=\"og:type\" content=\"article\" \/>\n<meta property=\"og:title\" content=\"R\u00e9server en ligne\" \/>\n<meta property=\"og:description\" content=\"V\u00e9rifiez la disponibilit\u00e9 de nos lodges Nous vous proposons 4 lodges identiques, chacun pouvant accueillir jusqu&#8217;\u00e0 4 personnes gr\u00e2ce \u00e0... Read moreRead more&nbsp;R\u00e9server en ligne\" \/>\n<meta property=\"og:url\" content=\"https:\/\/www.lodgescapdore.com\/de\/online-buchen\/\" \/>\n<meta property=\"og:site_name\" content=\"Lodges Cap Dore\" \/>\n<meta property=\"article:publisher\" content=\"https:\/\/www.facebook.com\/p\/Lodges-CAP-DORE-100094973950461\/\" \/>\n<meta property=\"article:modified_time\" content=\"2025-04-09T15:57:43+00:00\" \/>\n<meta name=\"twitter:card\" content=\"summary_large_image\" \/>\n<meta name=\"twitter:label1\" content=\"Gesch\u00e4tzte Lesezeit\" \/>\n\t<meta name=\"twitter:data1\" content=\"1\u00a0Minute\" \/>\n<script type=\"application\/ld+json\" class=\"yoast-schema-graph\">{\"@context\":\"https:\\\/\\\/schema.org\",\"@graph\":[{\"@type\":\"WebPage\",\"@id\":\"https:\\\/\\\/www.lodgescapdore.com\\\/reserver-en-ligne\",\"url\":\"https:\\\/\\\/www.lodgescapdore.com\\\/reserver-en-ligne\",\"name\":\"R\u00e9server en ligne - Lodges Cap Dore\",\"isPartOf\":{\"@id\":\"https:\\\/\\\/www.lodgescapdore.com\\\/#website\"},\"datePublished\":\"2021-08-24T00:16:57+00:00\",\"dateModified\":\"2025-04-09T15:57:43+00:00\",\"breadcrumb\":{\"@id\":\"https:\\\/\\\/www.lodgescapdore.com\\\/reserver-en-ligne#breadcrumb\"},\"inLanguage\":\"de\",\"potentialAction\":[{\"@type\":\"ReadAction\",\"target\":[\"https:\\\/\\\/www.lodgescapdore.com\\\/reserver-en-ligne\"]}]},{\"@type\":\"BreadcrumbList\",\"@id\":\"https:\\\/\\\/www.lodgescapdore.com\\\/reserver-en-ligne#breadcrumb\",\"itemListElement\":[{\"@type\":\"ListItem\",\"position\":1,\"name\":\"Accueil\",\"item\":\"https:\\\/\\\/www.lodgescapdore.com\\\/\"},{\"@type\":\"ListItem\",\"position\":2,\"name\":\"R\u00e9server en ligne\"}]},{\"@type\":\"WebSite\",\"@id\":\"https:\\\/\\\/www.lodgescapdore.com\\\/#website\",\"url\":\"https:\\\/\\\/www.lodgescapdore.com\\\/\",\"name\":\"Lodges Cap Dore\",\"description\":\"Lodges \u00e9coresponsables \u00e0 Andilana, Nosy Be - Madagascar\",\"publisher\":{\"@id\":\"https:\\\/\\\/www.lodgescapdore.com\\\/#organization\"},\"potentialAction\":[{\"@type\":\"SearchAction\",\"target\":{\"@type\":\"EntryPoint\",\"urlTemplate\":\"https:\\\/\\\/www.lodgescapdore.com\\\/?s={search_term_string}\"},\"query-input\":{\"@type\":\"PropertyValueSpecification\",\"valueRequired\":true,\"valueName\":\"search_term_string\"}}],\"inLanguage\":\"de\"},{\"@type\":[\"Organization\",\"Place\",\"LodgingBusiness\"],\"@id\":\"https:\\\/\\\/www.lodgescapdore.com\\\/#organization\",\"name\":\"Lodges Cap Dore\",\"url\":\"https:\\\/\\\/www.lodgescapdore.com\\\/\",\"logo\":{\"@id\":\"https:\\\/\\\/www.lodgescapdore.com\\\/reserver-en-ligne#local-main-organization-logo\"},\"image\":{\"@id\":\"https:\\\/\\\/www.lodgescapdore.com\\\/reserver-en-ligne#local-main-organization-logo\"},\"sameAs\":[\"https:\\\/\\\/www.facebook.com\\\/p\\\/Lodges-CAP-DORE-100094973950461\\\/\"],\"address\":{\"@id\":\"https:\\\/\\\/www.lodgescapdore.com\\\/reserver-en-ligne#local-main-place-address\"},\"geo\":{\"@type\":\"GeoCoordinates\",\"latitude\":\"-13.254269948911821\",\"longitude\":\"48.17399373185446\"},\"telephone\":[\"+261 3 20 23 39 34\",\"+262 6 93 13 18 43\"],\"openingHoursSpecification\":{\"@type\":\"OpeningHoursSpecification\",\"dayOfWeek\":[\"Monday\",\"Tuesday\",\"Wednesday\",\"Thursday\",\"Friday\",\"Saturday\",\"Sunday\"],\"opens\":\"00:00\",\"closes\":\"23:59\"},\"email\":\"contact@lodgescapdore.com\",\"areaServed\":\"Nosy Be, Andilana, Madagascar\",\"priceRange\":\"$$\",\"currenciesAccepted\":\"EUR, MGA, USD\",\"paymentAccepted\":\"Cash, Credit Card, Bank Transfer\"},{\"@type\":\"PostalAddress\",\"@id\":\"https:\\\/\\\/www.lodgescapdore.com\\\/reserver-en-ligne#local-main-place-address\",\"streetAddress\":\"Andilana\",\"addressLocality\":\"Nosy Be\",\"postalCode\":\"207\",\"addressRegion\":\"Province de Diana\",\"addressCountry\":\"MG\"},{\"@type\":\"ImageObject\",\"inLanguage\":\"de\",\"@id\":\"https:\\\/\\\/www.lodgescapdore.com\\\/reserver-en-ligne#local-main-organization-logo\",\"url\":\"https:\\\/\\\/www.lodgescapdore.com\\\/wp-content\\\/uploads\\\/2025\\\/04\\\/LOGO_LODGES-DU-CAP-DORE.png\",\"contentUrl\":\"https:\\\/\\\/www.lodgescapdore.com\\\/wp-content\\\/uploads\\\/2025\\\/04\\\/LOGO_LODGES-DU-CAP-DORE.png\",\"width\":2560,\"height\":2584,\"caption\":\"Lodges Cap Dore\"}]}<\/script>\n<meta name=\"geo.placename\" content=\"Nosy Be\" \/>\n<meta name=\"geo.position\" content=\"-13.254269948911821;48.17399373185446\" \/>\n<meta name=\"geo.region\" content=\"Madagaskar\" \/>\n<!-- \/ Yoast SEO Premium plugin. -->","yoast_head_json":{"title":"Online buchen - Lodges Cap Dore","robots":{"index":"index","follow":"follow","max-snippet":"max-snippet:-1","max-image-preview":"max-image-preview:large","max-video-preview":"max-video-preview:-1"},"canonical":"https:\/\/www.lodgescapdore.com\/de\/online-buchen\/","og_locale":"de_DE","og_type":"article","og_title":"R\u00e9server en ligne","og_description":"V\u00e9rifiez la disponibilit\u00e9 de nos lodges Nous vous proposons 4 lodges identiques, chacun pouvant accueillir jusqu&#8217;\u00e0 4 personnes gr\u00e2ce \u00e0... Read moreRead more&nbsp;R\u00e9server en ligne","og_url":"https:\/\/www.lodgescapdore.com\/de\/online-buchen\/","og_site_name":"Lodges Cap Dore","article_publisher":"https:\/\/www.facebook.com\/p\/Lodges-CAP-DORE-100094973950461\/","article_modified_time":"2025-04-09T15:57:43+00:00","twitter_card":"summary_large_image","twitter_misc":{"Gesch\u00e4tzte Lesezeit":"1\u00a0Minute"},"schema":{"@context":"https:\/\/schema.org","@graph":[{"@type":"WebPage","@id":"https:\/\/www.lodgescapdore.com\/reserver-en-ligne","url":"https:\/\/www.lodgescapdore.com\/reserver-en-ligne","name":"Online buchen - Lodges Cap Dore","isPartOf":{"@id":"https:\/\/www.lodgescapdore.com\/#website"},"datePublished":"2021-08-24T00:16:57+00:00","dateModified":"2025-04-09T15:57:43+00:00","breadcrumb":{"@id":"https:\/\/www.lodgescapdore.com\/reserver-en-ligne#breadcrumb"},"inLanguage":"de","potentialAction":[{"@type":"ReadAction","target":["https:\/\/www.lodgescapdore.com\/reserver-en-ligne"]}]},{"@type":"BreadcrumbList","@id":"https:\/\/www.lodgescapdore.com\/reserver-en-ligne#breadcrumb","itemListElement":[{"@type":"ListItem","position":1,"name":"Accueil","item":"https:\/\/www.lodgescapdore.com\/"},{"@type":"ListItem","position":2,"name":"R\u00e9server en ligne"}]},{"@type":"WebSite","@id":"https:\/\/www.lodgescapdore.com\/#website","url":"https:\/\/www.lodgescapdore.com\/","name":"Lodges Cap Dore","description":"Umweltfreundliche Lodges in Andilana, Nosy Be - Madagaskar","publisher":{"@id":"https:\/\/www.lodgescapdore.com\/#organization"},"potentialAction":[{"@type":"SearchAction","target":{"@type":"EntryPoint","urlTemplate":"https:\/\/www.lodgescapdore.com\/?s={search_term_string}"},"query-input":{"@type":"PropertyValueSpecification","valueRequired":true,"valueName":"search_term_string"}}],"inLanguage":"de"},{"@type":["Organization","Place","LodgingBusiness"],"@id":"https:\/\/www.lodgescapdore.com\/#organization","name":"Lodges Cap Dore","url":"https:\/\/www.lodgescapdore.com\/","logo":{"@id":"https:\/\/www.lodgescapdore.com\/reserver-en-ligne#local-main-organization-logo"},"image":{"@id":"https:\/\/www.lodgescapdore.com\/reserver-en-ligne#local-main-organization-logo"},"sameAs":["https:\/\/www.facebook.com\/p\/Lodges-CAP-DORE-100094973950461\/"],"address":{"@id":"https:\/\/www.lodgescapdore.com\/reserver-en-ligne#local-main-place-address"},"geo":{"@type":"GeoCoordinates","latitude":"-13.254269948911821","longitude":"48.17399373185446"},"telephone":["+261 3 20 23 39 34","+262 6 93 13 18 43"],"openingHoursSpecification":{"@type":"OpeningHoursSpecification","dayOfWeek":["Monday","Tuesday","Wednesday","Thursday","Friday","Saturday","Sunday"],"opens":"00:00","closes":"23:59"},"email":"contact@lodgescapdore.com","areaServed":"Nosy Be, Andilana, Madagascar","priceRange":"$$","currenciesAccepted":"EUR, MGA, USD","paymentAccepted":"Cash, Credit Card, Bank Transfer"},{"@type":"PostalAddress","@id":"https:\/\/www.lodgescapdore.com\/reserver-en-ligne#local-main-place-address","streetAddress":"Andilana","addressLocality":"Nosy Be","postalCode":"207","addressRegion":"Province de Diana","addressCountry":"MG"},{"@type":"ImageObject","inLanguage":"de","@id":"https:\/\/www.lodgescapdore.com\/reserver-en-ligne#local-main-organization-logo","url":"https:\/\/www.lodgescapdore.com\/wp-content\/uploads\/2025\/04\/LOGO_LODGES-DU-CAP-DORE.png","contentUrl":"https:\/\/www.lodgescapdore.com\/wp-content\/uploads\/2025\/04\/LOGO_LODGES-DU-CAP-DORE.png","width":2560,"height":2584,"caption":"Lodges Cap Dore"}]},"geo.placename":"Nosy Be","geo.position":{"lat":"-13.254269948911821","long":"48.17399373185446"},"geo.region":"Madagaskar"},"_links":{"self":[{"href":"https:\/\/www.lodgescapdore.com\/de\/wp-json\/wp\/v2\/pages\/3437","targetHints":{"allow":["GET"]}}],"collection":[{"href":"https:\/\/www.lodgescapdore.com\/de\/wp-json\/wp\/v2\/pages"}],"about":[{"href":"https:\/\/www.lodgescapdore.com\/de\/wp-json\/wp\/v2\/types\/page"}],"author":[{"embeddable":true,"href":"https:\/\/www.lodgescapdore.com\/de\/wp-json\/wp\/v2\/users\/1"}],"replies":[{"embeddable":true,"href":"https:\/\/www.lodgescapdore.com\/de\/wp-json\/wp\/v2\/comments?post=3437"}],"version-history":[{"count":44,"href":"https:\/\/www.lodgescapdore.com\/de\/wp-json\/wp\/v2\/pages\/3437\/revisions"}],"predecessor-version":[{"id":8802,"href":"https:\/\/www.lodgescapdore.com\/de\/wp-json\/wp\/v2\/pages\/3437\/revisions\/8802"}],"wp:attachment":[{"href":"https:\/\/www.lodgescapdore.com\/de\/wp-json\/wp\/v2\/media?parent=3437"}],"curies":[{"name":"wp","href":"https:\/\/api.w.org\/{rel}","templated":true}]}}